{"id":716,"date":"2020-11-14T16:06:12","date_gmt":"2020-11-15T18:16:18","guid":{"rendered":"https:\/\/tandemgarden.com?post_type=product&#038;p=716"},"modified":"2024-06-26T16:12:39","modified_gmt":"2024-06-26T15:12:39","slug":"spray-antimosquitos","status":"publish","type":"product","link":"https:\/\/tandemgarden.com\/es\/producto\/spray-antimosquitos\/","title":{"rendered":"Spray antimosquitos"},"content":{"rendered":"","protected":false},"excerpt":{"rendered":"<p>Insecticida especialmente formulado para garantizar durante el d\u00eda y la noche una eficaz protecci\u00f3n contra moscas, mosquitos, mosquito tigre y otros peque\u00f1os insectos en espacios abiertos o semiabiertos como por ejemplo terrazas, porches, etc&#8230; creando un espacio libre de insectos y eliminando los existentes.<\/p>\n<p>La evaporaci\u00f3n continuada del insecticida aplicado a las superficies garantiza una protecci\u00f3n ante mosquitos y otros peque\u00f1os insectos de manera estable alrededor de 8 horas. Eficaz contra moscas, mosquitos, mosquito tigre y polillas.<\/p>\n","protected":false},"featured_media":10393,"template":"","meta":[],"_links":{"self":[{"href":"https:\/\/tandemgarden.com\/es\/wp-json\/wp\/v2\/product\/716"}],"collection":[{"href":"https:\/\/tandemgarden.com\/es\/wp-json\/wp\/v2\/product"}],"about":[{"href":"https:\/\/tandemgarden.com\/es\/wp-json\/wp\/v2\/types\/product"}],"wp:featuredmedia":[{"embeddable":true,"href":"https:\/\/tandemgarden.com\/es\/wp-json\/wp\/v2\/media\/10393"}],"wp:attachment":[{"href":"https:\/\/tandemgarden.com\/es\/wp-json\/wp\/v2\/media?parent=716"}],"curies":[{"name":"wp","href":"https:\/\/api.w.org\/{rel}","templated":true}]}}