{"id":709,"date":"2020-11-14T12:43:07","date_gmt":"2020-11-14T12:43:07","guid":{"rendered":"https:\/\/tandemgarden.com\/product\/fertilizante-liquido-concentrado-para-citricos\/"},"modified":"2023-05-22T10:22:18","modified_gmt":"2023-05-22T09:22:18","slug":"fertilizante-citricos","status":"publish","type":"product","link":"https:\/\/tandemgarden.com\/es\/producto\/fertilizante-citricos\/","title":{"rendered":"Fertilizante c\u00edtricos"},"content":{"rendered":"","protected":false},"excerpt":{"rendered":"<p>Fertilizante l\u00edquido org\u00e1nico compuesto 100% de origen vegetal, procedente de vinaza y prote\u00edna de ma\u00edz hidrolizada. Rico en potasio para un crecimiento saludable de las plantas, potenciando el sabor y aroma de sus frutos.<\/p>\n","protected":false},"featured_media":9553,"template":"","meta":[],"_links":{"self":[{"href":"https:\/\/tandemgarden.com\/es\/wp-json\/wp\/v2\/product\/709"}],"collection":[{"href":"https:\/\/tandemgarden.com\/es\/wp-json\/wp\/v2\/product"}],"about":[{"href":"https:\/\/tandemgarden.com\/es\/wp-json\/wp\/v2\/types\/product"}],"wp:featuredmedia":[{"embeddable":true,"href":"https:\/\/tandemgarden.com\/es\/wp-json\/wp\/v2\/media\/9553"}],"wp:attachment":[{"href":"https:\/\/tandemgarden.com\/es\/wp-json\/wp\/v2\/media?parent=709"}],"curies":[{"name":"wp","href":"https:\/\/api.w.org\/{rel}","templated":true}]}}