{"id":705,"date":"2020-11-14T15:59:45","date_gmt":"2020-11-15T18:17:30","guid":{"rendered":"https:\/\/tandemgarden.com?post_type=product&#038;p=705"},"modified":"2021-11-04T19:18:43","modified_gmt":"2021-11-04T18:18:43","slug":"insecticida-ultrapolivalente","status":"publish","type":"product","link":"https:\/\/tandemgarden.com\/es\/producto\/insecticida-ultrapolivalente\/","title":{"rendered":"Insecticida ultrapolivalente"},"content":{"rendered":"","protected":false},"excerpt":{"rendered":"<p>Tratamiento insecticida ultrapolivalent preparado. Combate el pulg\u00f3n, cochinilla, mosca blanca, orugas, etc. Aplicable a plantas ornamentales, le\u00f1osas y herb\u00e1ceas de interior y exterior, frutales y huerta.<\/p>\n","protected":false},"featured_media":2757,"template":"","meta":[],"_links":{"self":[{"href":"https:\/\/tandemgarden.com\/es\/wp-json\/wp\/v2\/product\/705"}],"collection":[{"href":"https:\/\/tandemgarden.com\/es\/wp-json\/wp\/v2\/product"}],"about":[{"href":"https:\/\/tandemgarden.com\/es\/wp-json\/wp\/v2\/types\/product"}],"wp:featuredmedia":[{"embeddable":true,"href":"https:\/\/tandemgarden.com\/es\/wp-json\/wp\/v2\/media\/2757"}],"wp:attachment":[{"href":"https:\/\/tandemgarden.com\/es\/wp-json\/wp\/v2\/media?parent=705"}],"curies":[{"name":"wp","href":"https:\/\/api.w.org\/{rel}","templated":true}]}}