{"id":701,"date":"2020-11-14T15:57:08","date_gmt":"2020-11-15T18:19:12","guid":{"rendered":"https:\/\/tandemgarden.com?post_type=product&#038;p=701"},"modified":"2020-11-15T18:19:13","modified_gmt":"2020-11-15T18:19:13","slug":"triple-accion-insecticida-fungicida-y-acaricida","status":"publish","type":"product","link":"https:\/\/tandemgarden.com\/es\/producto\/triple-accion-insecticida-fungicida-y-acaricida\/","title":{"rendered":"Triple acci\u00f3n (insecticida, fungicida y acaricida)"},"content":{"rendered":"","protected":false},"excerpt":{"rendered":"<p>Tratamiento insecticida, fungicida y acaricida preparado. Act\u00faa eliminando los insectos, \u00e1caros y hongos que provocan da\u00f1os y enfermedades en las plantas. Indicado tanto para plantas de interior y exterior, ornamentales, herb\u00e1ceas y le\u00f1osas. No mancha ni altera el color de la planta. Resultados en 24 horas.<\/p>\n","protected":false},"featured_media":2808,"template":"","meta":[],"_links":{"self":[{"href":"https:\/\/tandemgarden.com\/es\/wp-json\/wp\/v2\/product\/701"}],"collection":[{"href":"https:\/\/tandemgarden.com\/es\/wp-json\/wp\/v2\/product"}],"about":[{"href":"https:\/\/tandemgarden.com\/es\/wp-json\/wp\/v2\/types\/product"}],"wp:featuredmedia":[{"embeddable":true,"href":"https:\/\/tandemgarden.com\/es\/wp-json\/wp\/v2\/media\/2808"}],"wp:attachment":[{"href":"https:\/\/tandemgarden.com\/es\/wp-json\/wp\/v2\/media?parent=701"}],"curies":[{"name":"wp","href":"https:\/\/api.w.org\/{rel}","templated":true}]}}