{"id":693,"date":"2020-11-14T15:50:09","date_gmt":"2020-11-15T18:21:27","guid":{"rendered":"https:\/\/tandemgarden.com?post_type=product&#038;p=693"},"modified":"2022-12-23T16:35:47","modified_gmt":"2022-12-23T15:35:47","slug":"sanium-pin","status":"publish","type":"product","link":"https:\/\/tandemgarden.com\/es\/producto\/sanium-pin\/","title":{"rendered":"Sanium Pin"},"content":{"rendered":"","protected":false},"excerpt":{"rendered":"<p>Clavos de doble acci\u00f3n (protecci\u00f3n y nutrici\u00f3n) de hasta 3 meses. Efectos visibles en 24 horas. La combinaci\u00f3n de insecticida y fertilizante ofrece una protecci\u00f3n estable y duradera frente a ataques de insectos y aporta nutrientes durante 12 semanas a trav\u00e9s de las ra\u00edces. Respetuoso con las abejas.<\/p>\n","protected":false},"featured_media":2633,"template":"","meta":[],"_links":{"self":[{"href":"https:\/\/tandemgarden.com\/es\/wp-json\/wp\/v2\/product\/693"}],"collection":[{"href":"https:\/\/tandemgarden.com\/es\/wp-json\/wp\/v2\/product"}],"about":[{"href":"https:\/\/tandemgarden.com\/es\/wp-json\/wp\/v2\/types\/product"}],"wp:featuredmedia":[{"embeddable":true,"href":"https:\/\/tandemgarden.com\/es\/wp-json\/wp\/v2\/media\/2633"}],"wp:attachment":[{"href":"https:\/\/tandemgarden.com\/es\/wp-json\/wp\/v2\/media?parent=693"}],"curies":[{"name":"wp","href":"https:\/\/api.w.org\/{rel}","templated":true}]}}