{"id":6723,"date":"2021-06-18T23:06:32","date_gmt":"2021-06-18T22:06:32","guid":{"rendered":"https:\/\/tandemgarden.com\/product\/aquaplant\/"},"modified":"2021-06-18T23:06:32","modified_gmt":"2021-06-18T22:06:32","slug":"aquaplant","status":"publish","type":"product","link":"https:\/\/tandemgarden.com\/es\/producto\/aquaplant\/","title":{"rendered":"Aquaplant"},"content":{"rendered":"","protected":false},"excerpt":{"rendered":"<p>Aquaplant es un producto formado por la asociaci\u00f3n de agua retenida por microcristales de celulosa y enriquecida con elementos nutritivos, que aportar\u00e1 la humedad y los nutrientes necesarios para que la planta pueda sobrevivir durante 30 d\u00edas sin necesitar ning\u00fan tipo de cuidado.<\/p>\n<p>Modo de empleo:<\/p>\n<ol>\n<li>Regar la planta de forma abundante<\/li>\n<li>Realizar un hueco al sustrato, entre el tronco y la pared de la maceta<\/li>\n<li>Abrir Aquaplant y colocarlo boca abajo al hueco sin retirar el envase<\/li>\n<\/ol>\n<p>Dosificaci\u00f3n:<\/p>\n<ul>\n<li>Colocar 1 Aquaplant cada 10 cm de di\u00e1metro de maceta<\/li>\n<\/ul>\n","protected":false},"featured_media":6722,"template":"","meta":[],"_links":{"self":[{"href":"https:\/\/tandemgarden.com\/es\/wp-json\/wp\/v2\/product\/6723"}],"collection":[{"href":"https:\/\/tandemgarden.com\/es\/wp-json\/wp\/v2\/product"}],"about":[{"href":"https:\/\/tandemgarden.com\/es\/wp-json\/wp\/v2\/types\/product"}],"wp:featuredmedia":[{"embeddable":true,"href":"https:\/\/tandemgarden.com\/es\/wp-json\/wp\/v2\/media\/6722"}],"wp:attachment":[{"href":"https:\/\/tandemgarden.com\/es\/wp-json\/wp\/v2\/media?parent=6723"}],"curies":[{"name":"wp","href":"https:\/\/api.w.org\/{rel}","templated":true}]}}