{"id":666,"date":"2020-11-14T14:45:06","date_gmt":"2020-11-14T14:45:06","guid":{"rendered":"https:\/\/tandemgarden.com\/product\/corrector-de-carencias\/"},"modified":"2021-02-09T15:16:37","modified_gmt":"2021-02-09T14:16:37","slug":"corrector-de-carencias","status":"publish","type":"product","link":"https:\/\/tandemgarden.com\/es\/producto\/corrector-de-carencias\/","title":{"rendered":"Corrector de carencias"},"content":{"rendered":"","protected":false},"excerpt":{"rendered":"<p>Es un corrector de carencias preparado para la prevenci\u00f3n y cura de los desequilibrios de la nutrici\u00f3n de las plantas producidas por carencias. Los micro-elementos est\u00e1n en forma de quelatos, por lo cual permite su r\u00e1pida absorci\u00f3n a trav\u00e9s de las ra\u00edces de la planta. Indicado para plantas d\u00e9biles, desnutridas, defectos de la floraci\u00f3n y fructificaci\u00f3n.<\/p>\n","protected":false},"featured_media":2675,"template":"","meta":[],"_links":{"self":[{"href":"https:\/\/tandemgarden.com\/es\/wp-json\/wp\/v2\/product\/666"}],"collection":[{"href":"https:\/\/tandemgarden.com\/es\/wp-json\/wp\/v2\/product"}],"about":[{"href":"https:\/\/tandemgarden.com\/es\/wp-json\/wp\/v2\/types\/product"}],"wp:featuredmedia":[{"embeddable":true,"href":"https:\/\/tandemgarden.com\/es\/wp-json\/wp\/v2\/media\/2675"}],"wp:attachment":[{"href":"https:\/\/tandemgarden.com\/es\/wp-json\/wp\/v2\/media?parent=666"}],"curies":[{"name":"wp","href":"https:\/\/api.w.org\/{rel}","templated":true}]}}