{"id":665,"date":"2020-11-14T12:21:49","date_gmt":"2020-11-14T12:21:49","guid":{"rendered":"https:\/\/tandemgarden.com\/product\/guano-liquido\/"},"modified":"2020-11-14T12:21:49","modified_gmt":"2020-11-14T12:21:49","slug":"guano-liquido","status":"publish","type":"product","link":"https:\/\/tandemgarden.com\/es\/producto\/guano-liquido\/","title":{"rendered":"Guano l\u00edquido"},"content":{"rendered":"","protected":false},"excerpt":{"rendered":"<p>El guano es un fertilizante de origen natural que contiene sustancias nutritivas y compuestos org\u00e1nicos que favorecen el aroma y la floraci\u00f3n de las plantas. El guano procede de los excrementos de millones de aves marinas que viven en las costas de Per\u00fa.<\/p>\n","protected":false},"featured_media":6991,"template":"","meta":[],"_links":{"self":[{"href":"https:\/\/tandemgarden.com\/es\/wp-json\/wp\/v2\/product\/665"}],"collection":[{"href":"https:\/\/tandemgarden.com\/es\/wp-json\/wp\/v2\/product"}],"about":[{"href":"https:\/\/tandemgarden.com\/es\/wp-json\/wp\/v2\/types\/product"}],"wp:featuredmedia":[{"embeddable":true,"href":"https:\/\/tandemgarden.com\/es\/wp-json\/wp\/v2\/media\/6991"}],"wp:attachment":[{"href":"https:\/\/tandemgarden.com\/es\/wp-json\/wp\/v2\/media?parent=665"}],"curies":[{"name":"wp","href":"https:\/\/api.w.org\/{rel}","templated":true}]}}