{"id":664,"date":"2020-11-14T12:18:11","date_gmt":"2020-11-14T12:18:11","guid":{"rendered":"https:\/\/tandemgarden.com\/product\/fertilizante-de-cesped-granulado-accion-4-en-1\/"},"modified":"2022-12-23T16:05:58","modified_gmt":"2022-12-23T15:05:58","slug":"fertilizante-accion-4-en-1","status":"publish","type":"product","link":"https:\/\/tandemgarden.com\/es\/producto\/fertilizante-accion-4-en-1\/","title":{"rendered":"Fertilizante Acci\u00f3n 4 en 1"},"content":{"rendered":"","protected":false},"excerpt":{"rendered":"<p>Es un complemento nutritivo que act\u00faa sobre todos los elementos necesarios para el buen desarrollo del c\u00e9sped: (1) fertilizante con efecto reverdeciente; (2) Estimula el desarrollo radicular y el enraizamiento; (3) suplemento de hierro, magnesio y calcio; y (4) crea condiciones desfavorables para el crecimiento de la mala hierba y musgo.<\/p>\n","protected":false},"featured_media":2696,"template":"","meta":[],"_links":{"self":[{"href":"https:\/\/tandemgarden.com\/es\/wp-json\/wp\/v2\/product\/664"}],"collection":[{"href":"https:\/\/tandemgarden.com\/es\/wp-json\/wp\/v2\/product"}],"about":[{"href":"https:\/\/tandemgarden.com\/es\/wp-json\/wp\/v2\/types\/product"}],"wp:featuredmedia":[{"embeddable":true,"href":"https:\/\/tandemgarden.com\/es\/wp-json\/wp\/v2\/media\/2696"}],"wp:attachment":[{"href":"https:\/\/tandemgarden.com\/es\/wp-json\/wp\/v2\/media?parent=664"}],"curies":[{"name":"wp","href":"https:\/\/api.w.org\/{rel}","templated":true}]}}