{"id":6634,"date":"2021-06-09T16:20:56","date_gmt":"2021-06-09T15:20:56","guid":{"rendered":"https:\/\/tandemgarden.com\/product\/lechuza-ojo\/"},"modified":"2021-06-09T16:20:56","modified_gmt":"2021-06-09T15:20:56","slug":"lechuza-ojo","status":"publish","type":"product","link":"https:\/\/tandemgarden.com\/es\/producto\/lechuza-ojo\/","title":{"rendered":"Lechuza-OJO"},"content":{"rendered":"","protected":false},"excerpt":{"rendered":"<p>Las marcas Lechuza y Playmobil del grupo Geobra Branst\u00e4ter se han unido para introducir a los m\u00e1s peque\u00f1os en el mundo del cuidado de las plantas. OJO es el primer macetero con dise\u00f1o Playmobil, que combina las fortalezas de las dos marcas: el sistema de riego Lechuza que facilita el cuidado de las plantas y el divertido dise\u00f1o Playmobil. \u00a1Cuidar las plantas es un juego de ni\u00f1os!<\/p>\n<p>OJO tiene la forma de la cabeza de un personaje de Playmobil y es capaz de atraer tanto a los fan\u00e1ticos de los juguetes como a los amantes de las plantas. Ver crecer flores y plantas es muy emocionante para todos, especialmente los ni\u00f1os, quienes en las escuelas son concienciados de su importancia. Estos originales maceteros, con peinados de diferentes colores, permiten a los ni\u00f1os experimentar con el mundo de las plantas de una manera l\u00fadica. Gracias al sistema de autorriego, los ni\u00f1os descubren c\u00f3mo cuidar las plantas correctamente. \u00a1Hay un OJO perfecto para cada persona! Las macetas se pueden personalizar con una selecci\u00f3n de diferentes peinados en un total de seis colores: intercambia, mezcla y combina para crear diferentes y originales estilos. \u00a1Una gran idea de regalo para la pr\u00f3xima generaci\u00f3n de jardineros!<\/p>\n<p>Gracias al sistema de riego por mecha, las plantas se mantienen frescas de una manera f\u00e1cil y sencilla. Puede colocar la maceta de plantado directamente en el macetero, evitando tener que trasplantar la planta. Insertando en la parte inferior de la maceta la mecha suministrara humedad a las ra\u00edces y los grandes ojos del macetero indicar\u00e1n\u00a0cu\u00e1nta agua queda en el dep\u00f3sito de agua. De esta manera, los ni\u00f1os pueden conocer las necesidades de la planta en cualquier momento: si el ojo esta azul, la planta no necesita agua, ya que el dep\u00f3sito est\u00e1 lleno.<\/p>\n<p>El pack\u00a0incluye maceta, ojos interactivos y sistema de riego a mecha.<\/p>\n","protected":false},"featured_media":6631,"template":"","meta":[],"_links":{"self":[{"href":"https:\/\/tandemgarden.com\/es\/wp-json\/wp\/v2\/product\/6634"}],"collection":[{"href":"https:\/\/tandemgarden.com\/es\/wp-json\/wp\/v2\/product"}],"about":[{"href":"https:\/\/tandemgarden.com\/es\/wp-json\/wp\/v2\/types\/product"}],"wp:featuredmedia":[{"embeddable":true,"href":"https:\/\/tandemgarden.com\/es\/wp-json\/wp\/v2\/media\/6631"}],"wp:attachment":[{"href":"https:\/\/tandemgarden.com\/es\/wp-json\/wp\/v2\/media?parent=6634"}],"curies":[{"name":"wp","href":"https:\/\/api.w.org\/{rel}","templated":true}]}}