{"id":6593,"date":"2021-06-07T18:30:01","date_gmt":"2021-06-07T17:30:01","guid":{"rendered":"https:\/\/tandemgarden.com\/product\/huerto-premium-flores-comestibles\/"},"modified":"2021-06-07T18:30:01","modified_gmt":"2021-06-07T17:30:01","slug":"huerto-premium-flores-comestibles","status":"publish","type":"product","link":"https:\/\/tandemgarden.com\/es\/producto\/huerto-premium-flores-comestibles\/","title":{"rendered":"Huerto premium \u00abFlores comestibles\u00bb"},"content":{"rendered":"","protected":false},"excerpt":{"rendered":"<p id=\"tw-target-text\" class=\"tw-data-text tw-text-large XcVN5d tw-ta\" dir=\"ltr\" data-placeholder=\"Traducci\u00f3n\"><span class=\"Y2IQFc\" lang=\"es\">El huerto premium \u00abFlores comestibles\u00bb es un huerto hecho a base de una caja de cart\u00f3n que se utilizar\u00e1 como contenedor donde crecer\u00e1n y germinar\u00e1n las semillas. <\/span><\/p>\n<p class=\"tw-data-text tw-text-large XcVN5d tw-ta\" dir=\"ltr\" data-placeholder=\"Traducci\u00f3n\"><span class=\"Y2IQFc\" lang=\"es\">Este huerto contiene: <\/span><\/p>\n<ul>\n<li class=\"tw-data-text tw-text-large XcVN5d tw-ta\" dir=\"ltr\" data-placeholder=\"Traducci\u00f3n\"><span class=\"Y2IQFc\" lang=\"es\">Sobres con semillas de capuchina, pensamientos y cal\u00e9ndulas <\/span><\/li>\n<li class=\"tw-data-text tw-text-large XcVN5d tw-ta\" dir=\"ltr\" data-placeholder=\"Traducci\u00f3n\"><span class=\"Y2IQFc\" lang=\"es\">2 bricks de fibra de coco ECO 500gr<\/span><\/li>\n<li class=\"tw-data-text tw-text-large XcVN5d tw-ta\" dir=\"ltr\" data-placeholder=\"Traducci\u00f3n\"><span class=\"Y2IQFc\" lang=\"es\">Fertilizante ecol\u00f3gico<\/span><\/li>\n<li class=\"tw-data-text tw-text-large XcVN5d tw-ta\" dir=\"ltr\" data-placeholder=\"Traducci\u00f3n\"><span class=\"Y2IQFc\" lang=\"es\">Vermiculita<\/span><\/li>\n<\/ul>\n","protected":false},"featured_media":6590,"template":"","meta":[],"_links":{"self":[{"href":"https:\/\/tandemgarden.com\/es\/wp-json\/wp\/v2\/product\/6593"}],"collection":[{"href":"https:\/\/tandemgarden.com\/es\/wp-json\/wp\/v2\/product"}],"about":[{"href":"https:\/\/tandemgarden.com\/es\/wp-json\/wp\/v2\/types\/product"}],"wp:featuredmedia":[{"embeddable":true,"href":"https:\/\/tandemgarden.com\/es\/wp-json\/wp\/v2\/media\/6590"}],"wp:attachment":[{"href":"https:\/\/tandemgarden.com\/es\/wp-json\/wp\/v2\/media?parent=6593"}],"curies":[{"name":"wp","href":"https:\/\/api.w.org\/{rel}","templated":true}]}}