{"id":643,"date":"2020-11-14T11:28:55","date_gmt":"2020-11-14T11:28:55","guid":{"rendered":"https:\/\/tandemgarden.com\/product\/fertilizante-plantas-verdes-liquido-concentrado\/"},"modified":"2022-12-23T13:32:02","modified_gmt":"2022-12-23T12:32:02","slug":"fertilizante-plantas-verdes","status":"publish","type":"product","link":"https:\/\/tandemgarden.com\/es\/producto\/fertilizante-plantas-verdes\/","title":{"rendered":"Fertilizante plantas verdes"},"content":{"rendered":"","protected":false},"excerpt":{"rendered":"<p>Formulaci\u00f3n id\u00f3nea para plantas de hoja verde de interior, terraza y balc\u00f3n. Con potasio y hierro para unas hojas sanas y fuertes. Contiene humus l\u00edquido que enriquece la actividad bacteriana de la tierra, haci\u00e9ndola m\u00e1s f\u00e9rtil.<\/p>\n","protected":false},"featured_media":9299,"template":"","meta":[],"_links":{"self":[{"href":"https:\/\/tandemgarden.com\/es\/wp-json\/wp\/v2\/product\/643"}],"collection":[{"href":"https:\/\/tandemgarden.com\/es\/wp-json\/wp\/v2\/product"}],"about":[{"href":"https:\/\/tandemgarden.com\/es\/wp-json\/wp\/v2\/types\/product"}],"wp:featuredmedia":[{"embeddable":true,"href":"https:\/\/tandemgarden.com\/es\/wp-json\/wp\/v2\/media\/9299"}],"wp:attachment":[{"href":"https:\/\/tandemgarden.com\/es\/wp-json\/wp\/v2\/media?parent=643"}],"curies":[{"name":"wp","href":"https:\/\/api.w.org\/{rel}","templated":true}]}}