{"id":631,"date":"2020-11-14T11:00:01","date_gmt":"2020-11-14T11:00:01","guid":{"rendered":"https:\/\/tandemgarden.com\/product\/fertilizante-universal-liquido-concentrado-2\/"},"modified":"2022-12-23T13:02:16","modified_gmt":"2022-12-23T12:02:16","slug":"fertilizante-universal-compo","status":"publish","type":"product","link":"https:\/\/tandemgarden.com\/es\/producto\/fertilizante-universal-compo\/","title":{"rendered":"Fertilizante universal Compo"},"content":{"rendered":"","protected":false},"excerpt":{"rendered":"<p>Ideal para plantas de interior, balc\u00f3n y terraza. Lleva la combinaci\u00f3n ideal de nutrientes para las plantas, con magnesio para una floraci\u00f3n intensa y con acci\u00f3n inmediata. Refuerza la resistencia a enfermedades y estimula el crecimiento de las ra\u00edces.<\/p>\n","protected":false},"featured_media":2727,"template":"","meta":[],"_links":{"self":[{"href":"https:\/\/tandemgarden.com\/es\/wp-json\/wp\/v2\/product\/631"}],"collection":[{"href":"https:\/\/tandemgarden.com\/es\/wp-json\/wp\/v2\/product"}],"about":[{"href":"https:\/\/tandemgarden.com\/es\/wp-json\/wp\/v2\/types\/product"}],"wp:featuredmedia":[{"embeddable":true,"href":"https:\/\/tandemgarden.com\/es\/wp-json\/wp\/v2\/media\/2727"}],"wp:attachment":[{"href":"https:\/\/tandemgarden.com\/es\/wp-json\/wp\/v2\/media?parent=631"}],"curies":[{"name":"wp","href":"https:\/\/api.w.org\/{rel}","templated":true}]}}