{"id":629,"date":"2020-11-14T10:51:15","date_gmt":"2020-11-14T10:51:15","guid":{"rendered":"https:\/\/tandemgarden.com\/product\/fertilizante-orquideas-liquido-concentrado\/"},"modified":"2022-12-23T12:50:44","modified_gmt":"2022-12-23T11:50:44","slug":"gotas-orquidea-monodosis","status":"publish","type":"product","link":"https:\/\/tandemgarden.com\/es\/producto\/gotas-orquidea-monodosis\/","title":{"rendered":"Gotas orqu\u00eddea monodosis"},"content":{"rendered":"","protected":false},"excerpt":{"rendered":"<p>Este abono l\u00edquido es un producto especialmente concebido para las orqu\u00eddeas que se cultivan sobre sustratos inertes o neutros, que les hace falta alimentaci\u00f3n y necesitan un abono equilibrado.<\/p>\n","protected":false},"featured_media":9292,"template":"","meta":[],"_links":{"self":[{"href":"https:\/\/tandemgarden.com\/es\/wp-json\/wp\/v2\/product\/629"}],"collection":[{"href":"https:\/\/tandemgarden.com\/es\/wp-json\/wp\/v2\/product"}],"about":[{"href":"https:\/\/tandemgarden.com\/es\/wp-json\/wp\/v2\/types\/product"}],"wp:featuredmedia":[{"embeddable":true,"href":"https:\/\/tandemgarden.com\/es\/wp-json\/wp\/v2\/media\/9292"}],"wp:attachment":[{"href":"https:\/\/tandemgarden.com\/es\/wp-json\/wp\/v2\/media?parent=629"}],"curies":[{"name":"wp","href":"https:\/\/api.w.org\/{rel}","templated":true}]}}