{"id":6244,"date":"2021-04-27T19:10:35","date_gmt":"2021-04-27T18:10:35","guid":{"rendered":"https:\/\/tandemgarden.com\/product\/ramo-salmon-m\/"},"modified":"2021-05-05T12:35:29","modified_gmt":"2021-05-05T11:35:29","slug":"ramo-salmon-m","status":"publish","type":"product","link":"https:\/\/tandemgarden.com\/es\/producto\/ramo-salmon-m\/","title":{"rendered":"Ramo salm\u00f3n"},"content":{"rendered":"","protected":false},"excerpt":{"rendered":"<p>Ramo de tonos salm\u00f3n que incluye 3 liliums de color granate y mezcla de flores con tonos blancos y salm\u00f3n.<\/p>\n<p>&nbsp;<\/p>\n","protected":false},"featured_media":6229,"template":"","meta":[],"_links":{"self":[{"href":"https:\/\/tandemgarden.com\/es\/wp-json\/wp\/v2\/product\/6244"}],"collection":[{"href":"https:\/\/tandemgarden.com\/es\/wp-json\/wp\/v2\/product"}],"about":[{"href":"https:\/\/tandemgarden.com\/es\/wp-json\/wp\/v2\/types\/product"}],"wp:featuredmedia":[{"embeddable":true,"href":"https:\/\/tandemgarden.com\/es\/wp-json\/wp\/v2\/media\/6229"}],"wp:attachment":[{"href":"https:\/\/tandemgarden.com\/es\/wp-json\/wp\/v2\/media?parent=6244"}],"curies":[{"name":"wp","href":"https:\/\/api.w.org\/{rel}","templated":true}]}}