{"id":597,"date":"2020-11-14T10:12:11","date_gmt":"2020-11-14T10:12:11","guid":{"rendered":"https:\/\/tandemgarden.com\/product\/fertilizante-universal-liquido-concentrado\/"},"modified":"2022-12-23T12:23:38","modified_gmt":"2022-12-23T11:23:38","slug":"nutrione-liquido","status":"publish","type":"product","link":"https:\/\/tandemgarden.com\/es\/producto\/nutrione-liquido\/","title":{"rendered":"NutriOne l\u00edquido"},"content":{"rendered":"","protected":false},"excerpt":{"rendered":"<p>Fertilizante concentrado pera todo tipo de plantas (ornamentales, huerto y fruteros). Contiene una mezcla de extractos vegetales con macro y micro-nutrientes minerales que favorecen un r\u00e1pido crecimiento de plantas, \u00e1rboles y arbustos de huerto y jard\u00edn con una gran cantidad de flores y frutos.<\/p>\n","protected":false},"featured_media":2779,"template":"","meta":[],"_links":{"self":[{"href":"https:\/\/tandemgarden.com\/es\/wp-json\/wp\/v2\/product\/597"}],"collection":[{"href":"https:\/\/tandemgarden.com\/es\/wp-json\/wp\/v2\/product"}],"about":[{"href":"https:\/\/tandemgarden.com\/es\/wp-json\/wp\/v2\/types\/product"}],"wp:featuredmedia":[{"embeddable":true,"href":"https:\/\/tandemgarden.com\/es\/wp-json\/wp\/v2\/media\/2779"}],"wp:attachment":[{"href":"https:\/\/tandemgarden.com\/es\/wp-json\/wp\/v2\/media?parent=597"}],"curies":[{"name":"wp","href":"https:\/\/api.w.org\/{rel}","templated":true}]}}