{"id":593,"date":"2020-11-14T10:28:08","date_gmt":"2020-11-14T10:28:08","guid":{"rendered":"https:\/\/tandemgarden.com\/product\/fertilizante-universal-granulado-extra-concentrado\/"},"modified":"2022-12-23T12:26:29","modified_gmt":"2022-12-23T11:26:29","slug":"nutrione-granulado","status":"publish","type":"product","link":"https:\/\/tandemgarden.com\/es\/producto\/nutrione-granulado\/","title":{"rendered":"NutriOne granulado"},"content":{"rendered":"","protected":false},"excerpt":{"rendered":"<p>Fertilizante granulado que es una mezcla de extractos vegetales con macro y micro-nutrientes minerales en formato de polvo de cristales hidro-solubles que favorecen un r\u00e1pido crecimiento de plantas, \u00e1rboles y arbustos de huerto y jard\u00edn con una gran cantidad de flores y frutos.<\/p>\n","protected":false},"featured_media":2783,"template":"","meta":[],"_links":{"self":[{"href":"https:\/\/tandemgarden.com\/es\/wp-json\/wp\/v2\/product\/593"}],"collection":[{"href":"https:\/\/tandemgarden.com\/es\/wp-json\/wp\/v2\/product"}],"about":[{"href":"https:\/\/tandemgarden.com\/es\/wp-json\/wp\/v2\/types\/product"}],"wp:featuredmedia":[{"embeddable":true,"href":"https:\/\/tandemgarden.com\/es\/wp-json\/wp\/v2\/media\/2783"}],"wp:attachment":[{"href":"https:\/\/tandemgarden.com\/es\/wp-json\/wp\/v2\/media?parent=593"}],"curies":[{"name":"wp","href":"https:\/\/api.w.org\/{rel}","templated":true}]}}