{"id":5814,"date":"2021-02-05T13:49:59","date_gmt":"2021-02-05T12:49:59","guid":{"rendered":"https:\/\/tandemgarden.com\/product\/maceta-autoriego\/"},"modified":"2025-02-17T12:34:20","modified_gmt":"2025-02-17T11:34:20","slug":"classico-color-lechuza","status":"publish","type":"product","link":"https:\/\/tandemgarden.com\/es\/producto\/classico-color-lechuza\/","title":{"rendered":"Classico Color Lechuza"},"content":{"rendered":"","protected":false},"excerpt":{"rendered":"<p>Maceta Lechuza cl\u00e1sica de autorriego ideal para cualquier rinc\u00f3n. Sus colores discretos y el dise\u00f1o moderno se combinan en cualquier ambiente y lo hacen imprescindible.<\/p>\n","protected":false},"featured_media":5811,"template":"","meta":[],"_links":{"self":[{"href":"https:\/\/tandemgarden.com\/es\/wp-json\/wp\/v2\/product\/5814"}],"collection":[{"href":"https:\/\/tandemgarden.com\/es\/wp-json\/wp\/v2\/product"}],"about":[{"href":"https:\/\/tandemgarden.com\/es\/wp-json\/wp\/v2\/types\/product"}],"wp:featuredmedia":[{"embeddable":true,"href":"https:\/\/tandemgarden.com\/es\/wp-json\/wp\/v2\/media\/5811"}],"wp:attachment":[{"href":"https:\/\/tandemgarden.com\/es\/wp-json\/wp\/v2\/media?parent=5814"}],"curies":[{"name":"wp","href":"https:\/\/api.w.org\/{rel}","templated":true}]}}