{"id":576,"date":"2020-11-14T11:02:31","date_gmt":"2020-11-14T11:02:31","guid":{"rendered":"https:\/\/tandemgarden.com\/product\/arbol-ficus-nitida-bicolor-150-cm\/"},"modified":"2020-11-14T11:02:31","modified_gmt":"2020-11-14T11:02:31","slug":"arbol-ficus-nitida-bicolor-150-cm","status":"publish","type":"product","link":"https:\/\/tandemgarden.com\/es\/producto\/arbol-ficus-nitida-bicolor-150-cm\/","title":{"rendered":"\u00c1rbol Ficus N\u00edtida Bicolor 150 cm"},"content":{"rendered":"","protected":false},"excerpt":{"rendered":"<p>\u00c1rbol Ficus N\u00edtida Bicolor artificial de tela, poli\u00e9ster, pl\u00e1stico alambrado y madera natural tratada y desinfectada.<\/p>\n","protected":false},"featured_media":478,"template":"","meta":[],"_links":{"self":[{"href":"https:\/\/tandemgarden.com\/es\/wp-json\/wp\/v2\/product\/576"}],"collection":[{"href":"https:\/\/tandemgarden.com\/es\/wp-json\/wp\/v2\/product"}],"about":[{"href":"https:\/\/tandemgarden.com\/es\/wp-json\/wp\/v2\/types\/product"}],"wp:featuredmedia":[{"embeddable":true,"href":"https:\/\/tandemgarden.com\/es\/wp-json\/wp\/v2\/media\/478"}],"wp:attachment":[{"href":"https:\/\/tandemgarden.com\/es\/wp-json\/wp\/v2\/media?parent=576"}],"curies":[{"name":"wp","href":"https:\/\/api.w.org\/{rel}","templated":true}]}}