{"id":569,"date":"2020-11-14T10:53:48","date_gmt":"2020-11-14T10:53:48","guid":{"rendered":"https:\/\/tandemgarden.com\/product\/planta-ficus-elastica-120-cm\/"},"modified":"2020-11-14T13:01:22","modified_gmt":"2020-11-14T13:01:22","slug":"planta-ficus-elastica-120-cm","status":"publish","type":"product","link":"https:\/\/tandemgarden.com\/es\/producto\/planta-ficus-elastica-120-cm\/","title":{"rendered":"Planta Ficus El\u00e1stica 120 cm"},"content":{"rendered":"","protected":false},"excerpt":{"rendered":"<p>Planta Ficus El\u00e1stica artificial de tela, poli\u00e9ster, pl\u00e1stico alambrado y madera natural tratada y desinfectada.<\/p>\n","protected":false},"featured_media":457,"template":"","meta":[],"_links":{"self":[{"href":"https:\/\/tandemgarden.com\/es\/wp-json\/wp\/v2\/product\/569"}],"collection":[{"href":"https:\/\/tandemgarden.com\/es\/wp-json\/wp\/v2\/product"}],"about":[{"href":"https:\/\/tandemgarden.com\/es\/wp-json\/wp\/v2\/types\/product"}],"wp:featuredmedia":[{"embeddable":true,"href":"https:\/\/tandemgarden.com\/es\/wp-json\/wp\/v2\/media\/457"}],"wp:attachment":[{"href":"https:\/\/tandemgarden.com\/es\/wp-json\/wp\/v2\/media?parent=569"}],"curies":[{"name":"wp","href":"https:\/\/api.w.org\/{rel}","templated":true}]}}