{"id":5416,"date":"2021-01-22T09:15:28","date_gmt":"2021-01-22T08:15:28","guid":{"rendered":"https:\/\/tandemgarden.com\/product\/limonero-4-estaciones\/"},"modified":"2023-10-26T12:40:41","modified_gmt":"2023-10-26T11:40:41","slug":"limonero-4-estaciones","status":"publish","type":"product","link":"https:\/\/tandemgarden.com\/es\/producto\/limonero-4-estaciones\/","title":{"rendered":"Limonero 4 estaciones"},"content":{"rendered":"","protected":false},"excerpt":{"rendered":"<p>El limonero es el \u00e1rbol frutal c\u00edtrico m\u00e1s conocido de todos, por dar de fruto el lim\u00f3n, una fruta muy apreciada en la cocina, que contiene vitamina C y \u00e1cido c\u00edtrico. Es un \u00e1rbol de hoja perenne, que muy a menudo tiene espinas en su tronco y que desprende muy buen olor a lim\u00f3n.<\/p>\n<p>Todos nuestros frutales est\u00e1n inyectados, por la cual cosa, todos ellos dan fruto.<\/p>\n","protected":false},"featured_media":6194,"template":"","meta":[],"_links":{"self":[{"href":"https:\/\/tandemgarden.com\/es\/wp-json\/wp\/v2\/product\/5416"}],"collection":[{"href":"https:\/\/tandemgarden.com\/es\/wp-json\/wp\/v2\/product"}],"about":[{"href":"https:\/\/tandemgarden.com\/es\/wp-json\/wp\/v2\/types\/product"}],"wp:featuredmedia":[{"embeddable":true,"href":"https:\/\/tandemgarden.com\/es\/wp-json\/wp\/v2\/media\/6194"}],"wp:attachment":[{"href":"https:\/\/tandemgarden.com\/es\/wp-json\/wp\/v2\/media?parent=5416"}],"curies":[{"name":"wp","href":"https:\/\/api.w.org\/{rel}","templated":true}]}}