{"id":5414,"date":"2021-01-22T09:14:43","date_gmt":"2021-01-22T08:14:43","guid":{"rendered":"https:\/\/tandemgarden.com\/product\/mandarino\/"},"modified":"2023-11-06T18:19:44","modified_gmt":"2023-11-06T17:19:44","slug":"mandarino","status":"publish","type":"product","link":"https:\/\/tandemgarden.com\/es\/producto\/mandarino\/","title":{"rendered":"Mandarino"},"content":{"rendered":"","protected":false},"excerpt":{"rendered":"<p>El mandarino es un \u00e1rbol frutal c\u00edtrico que da fruto a la mandarina, muy apreciada en la cocina, que contiene vitamina C y \u00e1cido c\u00edtrico. \u00c9s un \u00e1rbol de hoja perenne que, plantado en el suelo, puede llegar a medir 2 metros de altura.<\/p>\n<p>No le gustan las temperaturas muy bajas, sobre todo si est\u00e1 plantado en maceta, as\u00ed que en d\u00edas de temperaturas bajo cero es mejor protegerlo con una manta t\u00e9rmica.<\/p>\n<p>Todos nuestros frutales est\u00e1n injertados, por lo que todos ellos dan fruto.<\/p>\n","protected":false},"featured_media":10235,"template":"","meta":[],"_links":{"self":[{"href":"https:\/\/tandemgarden.com\/es\/wp-json\/wp\/v2\/product\/5414"}],"collection":[{"href":"https:\/\/tandemgarden.com\/es\/wp-json\/wp\/v2\/product"}],"about":[{"href":"https:\/\/tandemgarden.com\/es\/wp-json\/wp\/v2\/types\/product"}],"wp:featuredmedia":[{"embeddable":true,"href":"https:\/\/tandemgarden.com\/es\/wp-json\/wp\/v2\/media\/10235"}],"wp:attachment":[{"href":"https:\/\/tandemgarden.com\/es\/wp-json\/wp\/v2\/media?parent=5414"}],"curies":[{"name":"wp","href":"https:\/\/api.w.org\/{rel}","templated":true}]}}