{"id":537,"date":"2020-11-14T10:31:54","date_gmt":"2020-11-14T10:31:54","guid":{"rendered":"https:\/\/tandemgarden.com\/product\/arbre-bambu-royal-120-cm\/"},"modified":"2020-11-14T12:50:13","modified_gmt":"2020-11-14T12:50:13","slug":"arbre-bambu-royal-120-cm","status":"publish","type":"product","link":"https:\/\/tandemgarden.com\/es\/producto\/arbre-bambu-royal-120-cm\/","title":{"rendered":"\u00c1rbol Bamb\u00fa Royal 120 cm"},"content":{"rendered":"","protected":false},"excerpt":{"rendered":"<p>\u00c1rbol de bamb\u00fa artificial de tela y poli\u00e9ster, pl\u00e1stico alambrado y madera de bamb\u00fa natural tratada y desinfectada.<\/p>\n","protected":false},"featured_media":423,"template":"","meta":[],"_links":{"self":[{"href":"https:\/\/tandemgarden.com\/es\/wp-json\/wp\/v2\/product\/537"}],"collection":[{"href":"https:\/\/tandemgarden.com\/es\/wp-json\/wp\/v2\/product"}],"about":[{"href":"https:\/\/tandemgarden.com\/es\/wp-json\/wp\/v2\/types\/product"}],"wp:featuredmedia":[{"embeddable":true,"href":"https:\/\/tandemgarden.com\/es\/wp-json\/wp\/v2\/media\/423"}],"wp:attachment":[{"href":"https:\/\/tandemgarden.com\/es\/wp-json\/wp\/v2\/media?parent=537"}],"curies":[{"name":"wp","href":"https:\/\/api.w.org\/{rel}","templated":true}]}}