{"id":5323,"date":"2021-01-16T19:28:29","date_gmt":"2021-01-16T18:28:29","guid":{"rendered":"https:\/\/tandemgarden.com\/product\/capri-balcony-kit\/"},"modified":"2021-01-16T19:28:29","modified_gmt":"2021-01-16T18:28:29","slug":"capri-balcony-kit","status":"publish","type":"product","link":"https:\/\/tandemgarden.com\/es\/producto\/capri-balcony-kit\/","title":{"rendered":"Capri Balcony kit"},"content":{"rendered":"","protected":false},"excerpt":{"rendered":"<p>Maceta con kit para colgar al\u00a0 balc\u00f3n de forma f\u00e1cil y c\u00f3moda, con acabado mate.<\/p>\n<p>Es recomendable colocarlo a la parte interior del balc\u00f3n por precauci\u00f3n.<\/p>\n","protected":false},"featured_media":5369,"template":"","meta":[],"_links":{"self":[{"href":"https:\/\/tandemgarden.com\/es\/wp-json\/wp\/v2\/product\/5323"}],"collection":[{"href":"https:\/\/tandemgarden.com\/es\/wp-json\/wp\/v2\/product"}],"about":[{"href":"https:\/\/tandemgarden.com\/es\/wp-json\/wp\/v2\/types\/product"}],"wp:featuredmedia":[{"embeddable":true,"href":"https:\/\/tandemgarden.com\/es\/wp-json\/wp\/v2\/media\/5369"}],"wp:attachment":[{"href":"https:\/\/tandemgarden.com\/es\/wp-json\/wp\/v2\/media?parent=5323"}],"curies":[{"name":"wp","href":"https:\/\/api.w.org\/{rel}","templated":true}]}}