{"id":5097,"date":"2020-12-09T15:50:15","date_gmt":"2020-12-09T15:50:15","guid":{"rendered":"https:\/\/tandemgarden.com\/product\/aucuba\/"},"modified":"2020-12-09T16:27:00","modified_gmt":"2020-12-09T16:27:00","slug":"aucuba","status":"publish","type":"product","link":"https:\/\/tandemgarden.com\/es\/producto\/aucuba\/","title":{"rendered":"Aucuba"},"content":{"rendered":"","protected":false},"excerpt":{"rendered":"<p id=\"tw-target-text\" class=\"tw-data-text tw-text-large XcVN5d tw-ta\" dir=\"ltr\" data-placeholder=\"Traducci\u00f3n\"><span lang=\"es\">Planta arbustiva tambi\u00e9n conocida como \u00ablaurel manchado\u00bb ya que recuerda a su forma de hoja. Es una planta que puede llegar a crecer foca en condiciones \u00f3ptimas. Es m\u00e1s bien de sombra y aguanta bien la sequ\u00eda, el viento y la poluci\u00f3n atmosf\u00e9rica. Prefiere climas fr\u00edos, ya que aguanta hasta -15 grados.<\/span><\/p>\n<p dir=\"ltr\" data-placeholder=\"Traducci\u00f3n\">Maceta decorativa no incluida.<\/p>\n","protected":false},"featured_media":5092,"template":"","meta":[],"_links":{"self":[{"href":"https:\/\/tandemgarden.com\/es\/wp-json\/wp\/v2\/product\/5097"}],"collection":[{"href":"https:\/\/tandemgarden.com\/es\/wp-json\/wp\/v2\/product"}],"about":[{"href":"https:\/\/tandemgarden.com\/es\/wp-json\/wp\/v2\/types\/product"}],"wp:featuredmedia":[{"embeddable":true,"href":"https:\/\/tandemgarden.com\/es\/wp-json\/wp\/v2\/media\/5092"}],"wp:attachment":[{"href":"https:\/\/tandemgarden.com\/es\/wp-json\/wp\/v2\/media?parent=5097"}],"curies":[{"name":"wp","href":"https:\/\/api.w.org\/{rel}","templated":true}]}}