{"id":5046,"date":"2020-12-08T21:20:59","date_gmt":"2020-12-08T21:20:59","guid":{"rendered":"https:\/\/tandemgarden.com\/product\/perejil-2\/"},"modified":"2025-02-16T23:17:20","modified_gmt":"2025-02-16T22:17:20","slug":"perejil-2","status":"publish","type":"product","link":"https:\/\/tandemgarden.com\/es\/producto\/perejil-2\/","title":{"rendered":"Perejil"},"content":{"rendered":"","protected":false},"excerpt":{"rendered":"<p>Maceta de pl\u00e1stico de 10,5\/11 cm de di\u00e1metro<\/p>\n<p>El Perejil es una planta muy apreciada por sus usos culinarios y medicinales. La variedad com\u00fan, de hoja lisa, es la que desprende un sabor m\u00e1s intenso, es por eso que se utiliza mucho en la cocina mediterr\u00e1nea. Adem\u00e1s, contiene minerales y vitamina C. Es apto para infusiones, tiene un efecto diur\u00e9tico y ayuda a eliminar gases intestinales si se consume fresco.<\/p>\n<p>Maceta decorativa no incluida.<\/p>\n","protected":false},"featured_media":5041,"template":"","meta":[],"_links":{"self":[{"href":"https:\/\/tandemgarden.com\/es\/wp-json\/wp\/v2\/product\/5046"}],"collection":[{"href":"https:\/\/tandemgarden.com\/es\/wp-json\/wp\/v2\/product"}],"about":[{"href":"https:\/\/tandemgarden.com\/es\/wp-json\/wp\/v2\/types\/product"}],"wp:featuredmedia":[{"embeddable":true,"href":"https:\/\/tandemgarden.com\/es\/wp-json\/wp\/v2\/media\/5041"}],"wp:attachment":[{"href":"https:\/\/tandemgarden.com\/es\/wp-json\/wp\/v2\/media?parent=5046"}],"curies":[{"name":"wp","href":"https:\/\/api.w.org\/{rel}","templated":true}]}}