{"id":5012,"date":"2020-12-08T19:20:31","date_gmt":"2020-12-08T19:20:31","guid":{"rendered":"https:\/\/tandemgarden.com\/product\/salvia\/"},"modified":"2023-10-26T12:45:58","modified_gmt":"2023-10-26T11:45:58","slug":"salvia","status":"publish","type":"product","link":"https:\/\/tandemgarden.com\/es\/producto\/salvia\/","title":{"rendered":"Salvia"},"content":{"rendered":"","protected":false},"excerpt":{"rendered":"<p>Maceta de pl\u00e1stico de 16 cm de di\u00e1metro<\/p>\n<p>La Salvia, es conocida como planta milagro debido a sus propiedades curativas. Entre sus usos, destaca su acci\u00f3n antis\u00e9ptica, astringente, antioxidante y curativa. Tambi\u00e9n presenta muchos usos culinarios gracias a su potent\u00edsimo aroma que se puede utilizar con las hojas frescas o bien se pueden secar.<\/p>\n","protected":false},"featured_media":5011,"template":"","meta":[],"_links":{"self":[{"href":"https:\/\/tandemgarden.com\/es\/wp-json\/wp\/v2\/product\/5012"}],"collection":[{"href":"https:\/\/tandemgarden.com\/es\/wp-json\/wp\/v2\/product"}],"about":[{"href":"https:\/\/tandemgarden.com\/es\/wp-json\/wp\/v2\/types\/product"}],"wp:featuredmedia":[{"embeddable":true,"href":"https:\/\/tandemgarden.com\/es\/wp-json\/wp\/v2\/media\/5011"}],"wp:attachment":[{"href":"https:\/\/tandemgarden.com\/es\/wp-json\/wp\/v2\/media?parent=5012"}],"curies":[{"name":"wp","href":"https:\/\/api.w.org\/{rel}","templated":true}]}}