{"id":4993,"date":"2020-12-06T17:02:16","date_gmt":"2020-12-06T17:02:16","guid":{"rendered":"https:\/\/tandemgarden.com\/product\/cyca\/"},"modified":"2022-07-13T11:30:52","modified_gmt":"2022-07-13T10:30:52","slug":"cyca","status":"publish","type":"product","link":"https:\/\/tandemgarden.com\/es\/producto\/cyca\/","title":{"rendered":"Cyca"},"content":{"rendered":"","protected":false},"excerpt":{"rendered":"<p id=\"tw-target-text\" class=\"tw-data-text tw-text-large XcVN5d tw-ta\" dir=\"ltr\" data-placeholder=\"Traducci\u00f3n\"><span lang=\"es\">La Cyca es una especie muy conocida en el Mediterr\u00e1neo y su nombre es sin\u00f3nimo de rareza, toxicidad y belleza. Como se indica, pues, es una planta t\u00f3xica, por lo tanto, no se puede consumir. Es una planta muy antigua que apareci\u00f3 antes de los dinosaurios. Crece muy lentamente, de forma sim\u00e9trica y con un tronco muy caracter\u00edstico y grueso, que suele multiplicarse. No tolera el fr\u00edo, por lo que se puede cultivar en el interior durante el invierno, pero con el clima mediterr\u00e1neo puede vivir de forma f\u00e1cil en el exterior todo el a\u00f1o.<\/span><\/p>\n<p dir=\"ltr\" data-placeholder=\"Traducci\u00f3n\">Maceta decorativa no incluida.<\/p>\n","protected":false},"featured_media":4990,"template":"","meta":[],"_links":{"self":[{"href":"https:\/\/tandemgarden.com\/es\/wp-json\/wp\/v2\/product\/4993"}],"collection":[{"href":"https:\/\/tandemgarden.com\/es\/wp-json\/wp\/v2\/product"}],"about":[{"href":"https:\/\/tandemgarden.com\/es\/wp-json\/wp\/v2\/types\/product"}],"wp:featuredmedia":[{"embeddable":true,"href":"https:\/\/tandemgarden.com\/es\/wp-json\/wp\/v2\/media\/4990"}],"wp:attachment":[{"href":"https:\/\/tandemgarden.com\/es\/wp-json\/wp\/v2\/media?parent=4993"}],"curies":[{"name":"wp","href":"https:\/\/api.w.org\/{rel}","templated":true}]}}