{"id":4985,"date":"2020-12-06T16:48:29","date_gmt":"2020-12-06T16:48:29","guid":{"rendered":"https:\/\/tandemgarden.com\/product\/eucalipto-gunnii\/"},"modified":"2022-09-28T00:03:41","modified_gmt":"2022-09-27T23:03:41","slug":"eucalipto-gunnii","status":"publish","type":"product","link":"https:\/\/tandemgarden.com\/es\/producto\/eucalipto-gunnii\/","title":{"rendered":"Eucalipto Gunnii"},"content":{"rendered":"","protected":false},"excerpt":{"rendered":"<p dir=\"ltr\" data-placeholder=\"Traducci\u00f3n\">Maceta de pl\u00e1stico de 18cm de di\u00e1metro<\/p>\n<p id=\"tw-target-text\" class=\"tw-data-text tw-text-large XcVN5d tw-ta\" dir=\"ltr\" data-placeholder=\"Traducci\u00f3n\"><span lang=\"es\">El Eucalipto Gunnii es un \u00e1rbol de hoja perenne muy apreciado que es conocido por su buen olor y sus caracter\u00edsticas hojas de color verde azulado. Se utiliza principalmente en la decoraci\u00f3n y sus ramas en ramos de flores. Es un \u00e1rbol muy resistente al fr\u00edo y la sequ\u00eda y no tolera el embalse de agua. Hay que tener en cuenta, que las ra\u00edces de la planta son bastante invasivas, por lo que se recomienda la plantaci\u00f3n de la misma en macetas o bien alejada de paredes y aceras.<\/span><\/p>\n<p dir=\"ltr\" data-placeholder=\"Traducci\u00f3n\">Maceta decorativa no incluida.<\/p>\n","protected":false},"featured_media":4984,"template":"","meta":[],"_links":{"self":[{"href":"https:\/\/tandemgarden.com\/es\/wp-json\/wp\/v2\/product\/4985"}],"collection":[{"href":"https:\/\/tandemgarden.com\/es\/wp-json\/wp\/v2\/product"}],"about":[{"href":"https:\/\/tandemgarden.com\/es\/wp-json\/wp\/v2\/types\/product"}],"wp:featuredmedia":[{"embeddable":true,"href":"https:\/\/tandemgarden.com\/es\/wp-json\/wp\/v2\/media\/4984"}],"wp:attachment":[{"href":"https:\/\/tandemgarden.com\/es\/wp-json\/wp\/v2\/media?parent=4985"}],"curies":[{"name":"wp","href":"https:\/\/api.w.org\/{rel}","templated":true}]}}