{"id":4979,"date":"2020-12-06T16:33:40","date_gmt":"2020-12-06T16:33:40","guid":{"rendered":"https:\/\/tandemgarden.com\/product\/euryops\/"},"modified":"2020-12-07T09:00:41","modified_gmt":"2020-12-07T09:00:41","slug":"euryops","status":"publish","type":"product","link":"https:\/\/tandemgarden.com\/es\/producto\/euryops\/","title":{"rendered":"Euryops"},"content":{"rendered":"","protected":false},"excerpt":{"rendered":"<p>Maceta de pl\u00e1stico de 13cm de di\u00e1metro<\/p>\n<p>El Euryops, m\u00e1s conocido como Margarita amarilla es un arbusto de tonos verde oscuro que florece en forma de flor amarilla que recuerda mucho a la Margarita. Las flores brotan pr\u00e1cticamente todo el a\u00f1o excepto en verano. Es una planta muy resistente y poco propensa a plagas, si eres principiante es una muy buena opci\u00f3n.<\/p>\n<p>Maceta decorativa no incluida.<\/p>\n","protected":false},"featured_media":4978,"template":"","meta":[],"_links":{"self":[{"href":"https:\/\/tandemgarden.com\/es\/wp-json\/wp\/v2\/product\/4979"}],"collection":[{"href":"https:\/\/tandemgarden.com\/es\/wp-json\/wp\/v2\/product"}],"about":[{"href":"https:\/\/tandemgarden.com\/es\/wp-json\/wp\/v2\/types\/product"}],"wp:featuredmedia":[{"embeddable":true,"href":"https:\/\/tandemgarden.com\/es\/wp-json\/wp\/v2\/media\/4978"}],"wp:attachment":[{"href":"https:\/\/tandemgarden.com\/es\/wp-json\/wp\/v2\/media?parent=4979"}],"curies":[{"name":"wp","href":"https:\/\/api.w.org\/{rel}","templated":true}]}}