{"id":4959,"date":"2020-12-06T08:51:54","date_gmt":"2020-12-06T08:51:54","guid":{"rendered":"https:\/\/tandemgarden.com\/product\/cipres-wilma\/"},"modified":"2023-11-06T17:40:23","modified_gmt":"2023-11-06T16:40:23","slug":"cipres-wilma","status":"publish","type":"product","link":"https:\/\/tandemgarden.com\/es\/producto\/cipres-wilma\/","title":{"rendered":"Cipr\u00e9s Wilma"},"content":{"rendered":"","protected":false},"excerpt":{"rendered":"<p id=\"tw-target-text\" class=\"tw-data-text tw-text-large XcVN5d tw-ta\" dir=\"ltr\" data-placeholder=\"Traducci\u00f3n\"><span lang=\"es\">El Cipr\u00e9s Macrocarpa Wilma es un arbusto ornamental que se caracteriza por su follaje verde amarillento y desprende un agradable aroma a lim\u00f3n. Crece con forma c\u00f3nica y es recomendable ir pod\u00e1ndolo a cualquier \u00e9poca del a\u00f1o para darle forma o para controlar el su crecimiento. Es una planta perenne y de crecimiento r\u00e1pido.<\/span><\/p>\n<p dir=\"ltr\" data-placeholder=\"Traducci\u00f3n\">Maceta decorativa no incluida.<\/p>\n","protected":false},"featured_media":4956,"template":"","meta":[],"_links":{"self":[{"href":"https:\/\/tandemgarden.com\/es\/wp-json\/wp\/v2\/product\/4959"}],"collection":[{"href":"https:\/\/tandemgarden.com\/es\/wp-json\/wp\/v2\/product"}],"about":[{"href":"https:\/\/tandemgarden.com\/es\/wp-json\/wp\/v2\/types\/product"}],"wp:featuredmedia":[{"embeddable":true,"href":"https:\/\/tandemgarden.com\/es\/wp-json\/wp\/v2\/media\/4956"}],"wp:attachment":[{"href":"https:\/\/tandemgarden.com\/es\/wp-json\/wp\/v2\/media?parent=4959"}],"curies":[{"name":"wp","href":"https:\/\/api.w.org\/{rel}","templated":true}]}}