{"id":4619,"date":"2020-11-23T13:35:51","date_gmt":"2020-11-23T13:35:51","guid":{"rendered":"https:\/\/tandemgarden.com\/product\/manguera-comfort-flex-25m\/"},"modified":"2020-11-23T13:35:51","modified_gmt":"2020-11-23T13:35:51","slug":"manguera-comfort-flex-25m","status":"publish","type":"product","link":"https:\/\/tandemgarden.com\/es\/producto\/manguera-comfort-flex-25m\/","title":{"rendered":"Manguera Comfort Flex 25m"},"content":{"rendered":"","protected":false},"excerpt":{"rendered":"<p id=\"tw-target-text\" class=\"tw-data-text tw-text-large XcVN5d tw-ta\" dir=\"ltr\" data-placeholder=\"Traducci\u00f3n\">Manguera Comfort Flex con Power Grip para la conexi\u00f3n perfecta de la manguera al conector r\u00e1pido. Alta resistencia a la presi\u00f3n e indeformable gracias al refuerzo de carbono de alta calidad. Manguera flexible, no se tuerce ni se dobla, se desliza perfectamente Alrededor de los obst\u00e1culos. Sin plastificantes nocivos ni metales pesados. Resistente a los rayos Uva.<\/p>\n<p dir=\"ltr\" data-placeholder=\"Traducci\u00f3n\">Longitud de la manguera: 25m\/15 mm (5\/8\u00bb).<\/p>\n<p dir=\"ltr\" data-placeholder=\"Traducci\u00f3n\">18045-26<\/p>\n","protected":false},"featured_media":4618,"template":"","meta":[],"_links":{"self":[{"href":"https:\/\/tandemgarden.com\/es\/wp-json\/wp\/v2\/product\/4619"}],"collection":[{"href":"https:\/\/tandemgarden.com\/es\/wp-json\/wp\/v2\/product"}],"about":[{"href":"https:\/\/tandemgarden.com\/es\/wp-json\/wp\/v2\/types\/product"}],"wp:featuredmedia":[{"embeddable":true,"href":"https:\/\/tandemgarden.com\/es\/wp-json\/wp\/v2\/media\/4618"}],"wp:attachment":[{"href":"https:\/\/tandemgarden.com\/es\/wp-json\/wp\/v2\/media?parent=4619"}],"curies":[{"name":"wp","href":"https:\/\/api.w.org\/{rel}","templated":true}]}}