{"id":4615,"date":"2020-11-23T13:30:15","date_gmt":"2020-11-23T13:30:15","guid":{"rendered":"https:\/\/tandemgarden.com\/product\/soporte-pared-portamangueras\/"},"modified":"2020-11-23T13:30:15","modified_gmt":"2020-11-23T13:30:15","slug":"soporte-pared-portamangueras","status":"publish","type":"product","link":"https:\/\/tandemgarden.com\/es\/producto\/soporte-pared-portamangueras\/","title":{"rendered":"Soporte pared portamangueras"},"content":{"rendered":"","protected":false},"excerpt":{"rendered":"<p id=\"tw-target-text\" class=\"tw-data-text tw-text-large XcVN5d tw-ta\" dir=\"ltr\" data-placeholder=\"Traducci\u00f3n\">El soporte portamanguera mural 15 roll-up autom\u00e1tico hace que regar sea m\u00e1s f\u00e1cil y c\u00f3modo. Se enrolla y desenrolla autom\u00e1ticamente con muy poco esfuerzo y permite bloquearla a peque\u00f1os intervalos de m\u00e1ximo 50 cm. La calidad de la manguera asegura un gran caudal de agua y el funcionamiento \u00f3ptimo del rociado. Gracias al muelle de acero integrado, la manguera se enrolla de manera uniforme y segura. La gu\u00eda de manguera integrada evita que la manguera se tuerza durante el proceso. Dispone de un soporte mural con tornillos y tacos para un montaje sencillo.<\/p>\n<p id=\"tw-target-text\" class=\"tw-data-text tw-text-large XcVN5d tw-ta\" dir=\"ltr\" data-placeholder=\"Traducci\u00f3n\"><span lang=\"es\">Apto para terrazas y jardines de peque\u00f1o tama\u00f1o. Simplemente, estirar la manguera Hasta llegar a la longitud deseada. Longitud de la manguera: 15m.<\/span><\/p>\n<p dir=\"ltr\" data-placeholder=\"Traducci\u00f3n\">8022-20<\/p>\n","protected":false},"featured_media":4608,"template":"","meta":[],"_links":{"self":[{"href":"https:\/\/tandemgarden.com\/es\/wp-json\/wp\/v2\/product\/4615"}],"collection":[{"href":"https:\/\/tandemgarden.com\/es\/wp-json\/wp\/v2\/product"}],"about":[{"href":"https:\/\/tandemgarden.com\/es\/wp-json\/wp\/v2\/types\/product"}],"wp:featuredmedia":[{"embeddable":true,"href":"https:\/\/tandemgarden.com\/es\/wp-json\/wp\/v2\/media\/4608"}],"wp:attachment":[{"href":"https:\/\/tandemgarden.com\/es\/wp-json\/wp\/v2\/media?parent=4615"}],"curies":[{"name":"wp","href":"https:\/\/api.w.org\/{rel}","templated":true}]}}