{"id":4605,"date":"2020-11-23T13:24:57","date_gmt":"2020-11-23T13:24:57","guid":{"rendered":"https:\/\/tandemgarden.com\/product\/aspersor-oscilante-zoommaxx\/"},"modified":"2020-11-23T13:24:57","modified_gmt":"2020-11-23T13:24:57","slug":"aspersor-oscilante-zoommaxx","status":"publish","type":"product","link":"https:\/\/tandemgarden.com\/es\/producto\/aspersor-oscilante-zoommaxx\/","title":{"rendered":"Aspersor oscilante ZoomMaxx"},"content":{"rendered":"","protected":false},"excerpt":{"rendered":"<p id=\"tw-target-text\" class=\"tw-data-text tw-text-large XcVN5d tw-ta\" dir=\"ltr\" data-placeholder=\"Traducci\u00f3n\">Independientemente de si el \u00e1rea a regar es grande y ancha, peque\u00f1a o larga, o estrecha: el aspersor oscilante ZoomMaxx es el aspersor oscilante para requisitos m\u00faltiples y variables. Con su pie robusto, se sujeta firmemente a una superficie con hasta con 15% de inclinaci\u00f3n y posicionado justo donde se necesita.<\/p>\n<p dir=\"ltr\" data-placeholder=\"Traducci\u00f3n\">8127-20<\/p>\n","protected":false},"featured_media":4604,"template":"","meta":[],"_links":{"self":[{"href":"https:\/\/tandemgarden.com\/es\/wp-json\/wp\/v2\/product\/4605"}],"collection":[{"href":"https:\/\/tandemgarden.com\/es\/wp-json\/wp\/v2\/product"}],"about":[{"href":"https:\/\/tandemgarden.com\/es\/wp-json\/wp\/v2\/types\/product"}],"wp:featuredmedia":[{"embeddable":true,"href":"https:\/\/tandemgarden.com\/es\/wp-json\/wp\/v2\/media\/4604"}],"wp:attachment":[{"href":"https:\/\/tandemgarden.com\/es\/wp-json\/wp\/v2\/media?parent=4605"}],"curies":[{"name":"wp","href":"https:\/\/api.w.org\/{rel}","templated":true}]}}