{"id":4591,"date":"2020-11-23T12:34:50","date_gmt":"2020-11-23T12:34:50","guid":{"rendered":"https:\/\/tandemgarden.com\/product\/programador-de-riego-flex\/"},"modified":"2020-11-23T12:34:50","modified_gmt":"2020-11-23T12:34:50","slug":"programador-de-riego-flex","status":"publish","type":"product","link":"https:\/\/tandemgarden.com\/es\/producto\/programador-de-riego-flex\/","title":{"rendered":"Programador de riego Flex"},"content":{"rendered":"","protected":false},"excerpt":{"rendered":"<p id=\"tw-target-text\" class=\"tw-data-text tw-text-large XcVN5d tw-ta\" dir=\"ltr\" data-placeholder=\"Traducci\u00f3n\">Con el programador de riego Flex , podr\u00e1s controlar el riego en balcones, terrazas o patios de forma autom\u00e1tica. Funciona con bater\u00eda y se puede conectar directamente al grifo y se inicia con un rotador externo para la selecci\u00f3n de datos y un bot\u00f3n de confirmaci\u00f3n. Tiene una pantalla LC donde ves todas las configuraciones de un vistazo. Es desmontable y a prueba de la climatolog\u00eda. Con el programador Flex, los per\u00edodos de riego se pueden ajustar en ciclos de segundos, siendo de esta forma ideales para el sistema de riego por goteo.<\/p>\n<p dir=\"ltr\" data-placeholder=\"Traducci\u00f3n\">1890-20<\/p>\n","protected":false},"featured_media":4590,"template":"","meta":[],"_links":{"self":[{"href":"https:\/\/tandemgarden.com\/es\/wp-json\/wp\/v2\/product\/4591"}],"collection":[{"href":"https:\/\/tandemgarden.com\/es\/wp-json\/wp\/v2\/product"}],"about":[{"href":"https:\/\/tandemgarden.com\/es\/wp-json\/wp\/v2\/types\/product"}],"wp:featuredmedia":[{"embeddable":true,"href":"https:\/\/tandemgarden.com\/es\/wp-json\/wp\/v2\/media\/4590"}],"wp:attachment":[{"href":"https:\/\/tandemgarden.com\/es\/wp-json\/wp\/v2\/media?parent=4591"}],"curies":[{"name":"wp","href":"https:\/\/api.w.org\/{rel}","templated":true}]}}