{"id":4587,"date":"2020-11-23T12:31:41","date_gmt":"2020-11-23T12:31:41","guid":{"rendered":"https:\/\/tandemgarden.com\/product\/programador-de-riego-easyplus\/"},"modified":"2020-11-23T12:31:41","modified_gmt":"2020-11-23T12:31:41","slug":"programador-de-riego-easyplus","status":"publish","type":"product","link":"https:\/\/tandemgarden.com\/es\/producto\/programador-de-riego-easyplus\/","title":{"rendered":"Programador de riego EasyPlus"},"content":{"rendered":"","protected":false},"excerpt":{"rendered":"<p id=\"tw-target-text\" class=\"tw-data-text tw-text-large XcVN5d tw-ta\" dir=\"ltr\" data-placeholder=\"Traducci\u00f3n\">Con el programador de riego Easy puedes poner el marcha o parar el riego f\u00e1cilmente. Funciona con bater\u00eda y simplemente se conecta al grifo y se ajusta con dos botones rotadores. Se pueden seleccionar diferentes combinaciones de duraci\u00f3n y frecuencia de riego. La funci\u00f3n de retraso del inicio en ciclos de una hora controla el funcionamiento de un aspersor o un riego por goteo en el momento que lo desees. Lo mejor es regar pronto por la ma\u00f1ana o a \u00faltima hora del d\u00eda. Su unidad resistente a la climatolog\u00eda se puede desmontar. Tiene configuraciones adicionales para el brumizador autom\u00e1tico de exteriores: refresca el ambiente de forma \u00f3ptima con peque\u00f1os impulsos con mucha frecuencia.<\/p>\n<p dir=\"ltr\" data-placeholder=\"Traducci\u00f3n\">1888-20<\/p>\n","protected":false},"featured_media":4580,"template":"","meta":[],"_links":{"self":[{"href":"https:\/\/tandemgarden.com\/es\/wp-json\/wp\/v2\/product\/4587"}],"collection":[{"href":"https:\/\/tandemgarden.com\/es\/wp-json\/wp\/v2\/product"}],"about":[{"href":"https:\/\/tandemgarden.com\/es\/wp-json\/wp\/v2\/types\/product"}],"wp:featuredmedia":[{"embeddable":true,"href":"https:\/\/tandemgarden.com\/es\/wp-json\/wp\/v2\/media\/4580"}],"wp:attachment":[{"href":"https:\/\/tandemgarden.com\/es\/wp-json\/wp\/v2\/media?parent=4587"}],"curies":[{"name":"wp","href":"https:\/\/api.w.org\/{rel}","templated":true}]}}