{"id":4573,"date":"2020-11-23T12:22:50","date_gmt":"2020-11-23T12:22:50","guid":{"rendered":"https:\/\/tandemgarden.com\/product\/terminal-de-riego\/"},"modified":"2020-11-23T12:22:50","modified_gmt":"2020-11-23T12:22:50","slug":"terminal-de-riego","status":"publish","type":"product","link":"https:\/\/tandemgarden.com\/es\/producto\/terminal-de-riego\/","title":{"rendered":"Terminal de riego"},"content":{"rendered":"","protected":false},"excerpt":{"rendered":"<p>La lanza de limpieza es un modelo cl\u00e1sico. El manguito de la boquilla no se puede quitar y por lo tanto no se pierde. El tipo de chorro es infinitamente regulable. Puede elegir el modelo ideal para su aplicaci\u00f3n. Gracias al elemento de pl\u00e1stico blando, la boquilla tambi\u00e9n se ajusta bien en la mano y no se desliza.<\/p>\n<p>18300-20<\/p>\n","protected":false},"featured_media":4572,"template":"","meta":[],"_links":{"self":[{"href":"https:\/\/tandemgarden.com\/es\/wp-json\/wp\/v2\/product\/4573"}],"collection":[{"href":"https:\/\/tandemgarden.com\/es\/wp-json\/wp\/v2\/product"}],"about":[{"href":"https:\/\/tandemgarden.com\/es\/wp-json\/wp\/v2\/types\/product"}],"wp:featuredmedia":[{"embeddable":true,"href":"https:\/\/tandemgarden.com\/es\/wp-json\/wp\/v2\/media\/4572"}],"wp:attachment":[{"href":"https:\/\/tandemgarden.com\/es\/wp-json\/wp\/v2\/media?parent=4573"}],"curies":[{"name":"wp","href":"https:\/\/api.w.org\/{rel}","templated":true}]}}