{"id":4470,"date":"2020-11-22T22:18:39","date_gmt":"2020-11-22T22:18:39","guid":{"rendered":"https:\/\/tandemgarden.com\/product\/oregano\/"},"modified":"2025-02-16T23:17:32","modified_gmt":"2025-02-16T22:17:32","slug":"oregano","status":"publish","type":"product","link":"https:\/\/tandemgarden.com\/es\/producto\/oregano\/","title":{"rendered":"Or\u00e9gano"},"content":{"rendered":"","protected":false},"excerpt":{"rendered":"<p id=\"tw-target-text\" class=\"tw-data-text tw-text-large XcVN5d tw-ta\" dir=\"ltr\" data-placeholder=\"Traducci\u00f3n\"><span lang=\"es\">Maceta de pl\u00e1stico de 11 cm de di\u00e1metro. <\/span><\/p>\n<p class=\"tw-data-text tw-text-large XcVN5d tw-ta\" dir=\"ltr\" data-placeholder=\"Traducci\u00f3n\"><span lang=\"es\">El or\u00e9gano es una de las plantas arom\u00e1ticas que tiene m\u00e1s propiedades medicinales, familia de la menta y proviene de las palabras griegas \u00aboros\u00bb (monta\u00f1a) y \u00abganos\u00bb (alegr\u00eda). Contiene fibra, hierro, manganeso, vitamina E, calcio, omega y vitamina K, por eso se utiliza desde hace millones de a\u00f1os en la medicina tradicional. <\/span><\/p>\n<p class=\"tw-data-text tw-text-large XcVN5d tw-ta\" dir=\"ltr\" data-placeholder=\"Traducci\u00f3n\"><span lang=\"es\">Maceta decorativa no incluida.<\/span><\/p>\n","protected":false},"featured_media":4459,"template":"","meta":[],"_links":{"self":[{"href":"https:\/\/tandemgarden.com\/es\/wp-json\/wp\/v2\/product\/4470"}],"collection":[{"href":"https:\/\/tandemgarden.com\/es\/wp-json\/wp\/v2\/product"}],"about":[{"href":"https:\/\/tandemgarden.com\/es\/wp-json\/wp\/v2\/types\/product"}],"wp:featuredmedia":[{"embeddable":true,"href":"https:\/\/tandemgarden.com\/es\/wp-json\/wp\/v2\/media\/4459"}],"wp:attachment":[{"href":"https:\/\/tandemgarden.com\/es\/wp-json\/wp\/v2\/media?parent=4470"}],"curies":[{"name":"wp","href":"https:\/\/api.w.org\/{rel}","templated":true}]}}