{"id":4361,"date":"2020-11-22T21:36:14","date_gmt":"2020-11-22T21:36:14","guid":{"rendered":"https:\/\/tandemgarden.com\/product\/tomillo\/"},"modified":"2023-10-26T13:12:13","modified_gmt":"2023-10-26T12:12:13","slug":"tomillo","status":"publish","type":"product","link":"https:\/\/tandemgarden.com\/es\/producto\/tomillo\/","title":{"rendered":"Tomillo"},"content":{"rendered":"","protected":false},"excerpt":{"rendered":"<p id=\"tw-target-text\" class=\"tw-data-text tw-text-large XcVN5d tw-ta\" dir=\"ltr\" data-placeholder=\"Traducci\u00f3n\"><span lang=\"es\">El tomillo, adem\u00e1s de ser una planta medicinal y culinaria, como la gran mayor\u00eda de plantas arom\u00e1ticas, destaca por ser muy decorativa debido a su floraci\u00f3n de color blanco y rosa p\u00e1lido que florece en primavera. Se tiene la creencia de que la Tomillo sirve para proteger la salud de las personas, as\u00ed como para purificar y liberar energ\u00edas. <\/span><\/p>\n<p class=\"tw-data-text tw-text-large XcVN5d tw-ta\" dir=\"ltr\" data-placeholder=\"Traducci\u00f3n\"><span lang=\"es\">Maceta de barro no incluida.<\/span><\/p>\n","protected":false},"featured_media":4348,"template":"","meta":[],"_links":{"self":[{"href":"https:\/\/tandemgarden.com\/es\/wp-json\/wp\/v2\/product\/4361"}],"collection":[{"href":"https:\/\/tandemgarden.com\/es\/wp-json\/wp\/v2\/product"}],"about":[{"href":"https:\/\/tandemgarden.com\/es\/wp-json\/wp\/v2\/types\/product"}],"wp:featuredmedia":[{"embeddable":true,"href":"https:\/\/tandemgarden.com\/es\/wp-json\/wp\/v2\/media\/4348"}],"wp:attachment":[{"href":"https:\/\/tandemgarden.com\/es\/wp-json\/wp\/v2\/media?parent=4361"}],"curies":[{"name":"wp","href":"https:\/\/api.w.org\/{rel}","templated":true}]}}