{"id":4312,"date":"2020-11-22T21:07:05","date_gmt":"2020-11-22T21:07:05","guid":{"rendered":"https:\/\/tandemgarden.com\/product\/romero\/"},"modified":"2020-11-23T21:37:01","modified_gmt":"2020-11-23T21:37:01","slug":"romero","status":"publish","type":"product","link":"https:\/\/tandemgarden.com\/es\/producto\/romero\/","title":{"rendered":"Romero"},"content":{"rendered":"","protected":false},"excerpt":{"rendered":"<p>El Romero es un arbusto muy conocido gracias a sus usos medicinales y culinarios, que representa un condimento tradicional de la cocina mediterr\u00e1nea. En sus hojas posee unas gl\u00e1ndulas que contienen aceites esenciales que le dan una fragancia fresca y fuerte olor, sobre todo cuando se trituran las hojas. Adem\u00e1s, se utiliza en el tratamiento de enfermedades respiratorias, digestivas, antian\u00e9micas, por intoxicaciones, antioxidante y otros. Es el s\u00edmbolo de la amistad y la fidelidad.<\/p>\n<p>Maceta de barro no incluida.<\/p>\n","protected":false},"featured_media":4309,"template":"","meta":[],"_links":{"self":[{"href":"https:\/\/tandemgarden.com\/es\/wp-json\/wp\/v2\/product\/4312"}],"collection":[{"href":"https:\/\/tandemgarden.com\/es\/wp-json\/wp\/v2\/product"}],"about":[{"href":"https:\/\/tandemgarden.com\/es\/wp-json\/wp\/v2\/types\/product"}],"wp:featuredmedia":[{"embeddable":true,"href":"https:\/\/tandemgarden.com\/es\/wp-json\/wp\/v2\/media\/4309"}],"wp:attachment":[{"href":"https:\/\/tandemgarden.com\/es\/wp-json\/wp\/v2\/media?parent=4312"}],"curies":[{"name":"wp","href":"https:\/\/api.w.org\/{rel}","templated":true}]}}