{"id":4301,"date":"2020-11-22T20:55:30","date_gmt":"2020-11-22T20:55:30","guid":{"rendered":"https:\/\/tandemgarden.com\/product\/menta\/"},"modified":"2020-11-23T21:40:26","modified_gmt":"2020-11-23T21:40:26","slug":"menta","status":"publish","type":"product","link":"https:\/\/tandemgarden.com\/es\/producto\/menta\/","title":{"rendered":"Menta"},"content":{"rendered":"","protected":false},"excerpt":{"rendered":"<p>La Menta es una arom\u00e1tica imprescindible por su olor tan caracter\u00edstica y sus m\u00faltiples funcionalidades. Tiene muchas propiedades medicinales y culinarias, y especialmente utilizada en c\u00f3cteles. Esta variedad de menta se caracteriza por tener las hojas anchas y la textura muy rugosa. Adem\u00e1s, tambi\u00e9n es utilizada como repelente natural de mosquitos.<\/p>\n<p>Maceta decorativa no incluida.<\/p>\n","protected":false},"featured_media":4284,"template":"","meta":[],"_links":{"self":[{"href":"https:\/\/tandemgarden.com\/es\/wp-json\/wp\/v2\/product\/4301"}],"collection":[{"href":"https:\/\/tandemgarden.com\/es\/wp-json\/wp\/v2\/product"}],"about":[{"href":"https:\/\/tandemgarden.com\/es\/wp-json\/wp\/v2\/types\/product"}],"wp:featuredmedia":[{"embeddable":true,"href":"https:\/\/tandemgarden.com\/es\/wp-json\/wp\/v2\/media\/4284"}],"wp:attachment":[{"href":"https:\/\/tandemgarden.com\/es\/wp-json\/wp\/v2\/media?parent=4301"}],"curies":[{"name":"wp","href":"https:\/\/api.w.org\/{rel}","templated":true}]}}