{"id":4230,"date":"2020-11-22T20:14:17","date_gmt":"2020-11-22T20:14:17","guid":{"rendered":"https:\/\/tandemgarden.com\/product\/esparraguera\/"},"modified":"2020-11-22T20:14:17","modified_gmt":"2020-11-22T20:14:17","slug":"esparraguera","status":"publish","type":"product","link":"https:\/\/tandemgarden.com\/es\/producto\/esparraguera\/","title":{"rendered":"Esparraguera"},"content":{"rendered":"","protected":false},"excerpt":{"rendered":"<p>Maceta de pl\u00e1stico de 13 cm de di\u00e1metro.<\/p>\n<p>La esparraguera, planta muy apreciada en la decoraci\u00f3n floral, aporta mucha frescura gracias a su verde intenso, que recuerda al helecho. En verano hacen una peque\u00f1a flor blanca que se convierte en un fruto negro muy t\u00f3xico para su consumo. No obstante, los esp\u00e1rragos que crecen son comestibles y muy apreciados en la cocina mediterr\u00e1nea. Esta planta se caracteriza por tener unos tallos muy finas y ligeras, llamadas cledosis.<\/p>\n<p>Maceta decorativa no incluida.<\/p>\n","protected":false},"featured_media":4244,"template":"","meta":[],"_links":{"self":[{"href":"https:\/\/tandemgarden.com\/es\/wp-json\/wp\/v2\/product\/4230"}],"collection":[{"href":"https:\/\/tandemgarden.com\/es\/wp-json\/wp\/v2\/product"}],"about":[{"href":"https:\/\/tandemgarden.com\/es\/wp-json\/wp\/v2\/types\/product"}],"wp:featuredmedia":[{"embeddable":true,"href":"https:\/\/tandemgarden.com\/es\/wp-json\/wp\/v2\/media\/4244"}],"wp:attachment":[{"href":"https:\/\/tandemgarden.com\/es\/wp-json\/wp\/v2\/media?parent=4230"}],"curies":[{"name":"wp","href":"https:\/\/api.w.org\/{rel}","templated":true}]}}