{"id":4187,"date":"2020-11-19T08:24:08","date_gmt":"2020-11-19T08:24:08","guid":{"rendered":"https:\/\/tandemgarden.com\/product\/azalea\/"},"modified":"2020-12-02T17:04:09","modified_gmt":"2020-12-02T17:04:09","slug":"azalea","status":"publish","type":"product","link":"https:\/\/tandemgarden.com\/es\/producto\/azalea\/","title":{"rendered":"Azalea"},"content":{"rendered":"","protected":false},"excerpt":{"rendered":"<p>La Azalea es una planta procedente del g\u00e9nero del rododendro. En el mundo de la florister\u00eda, la flor de la Azalea significa templanza y moderaci\u00f3n, por el que es una planta que aporta tranquilidad en el hogar. Las flores son conocidas por su belleza y tonos rosados.<\/p>\n<p>Maceta de barro no incluida.<\/p>\n","protected":false},"featured_media":3811,"template":"","meta":[],"_links":{"self":[{"href":"https:\/\/tandemgarden.com\/es\/wp-json\/wp\/v2\/product\/4187"}],"collection":[{"href":"https:\/\/tandemgarden.com\/es\/wp-json\/wp\/v2\/product"}],"about":[{"href":"https:\/\/tandemgarden.com\/es\/wp-json\/wp\/v2\/types\/product"}],"wp:featuredmedia":[{"embeddable":true,"href":"https:\/\/tandemgarden.com\/es\/wp-json\/wp\/v2\/media\/3811"}],"wp:attachment":[{"href":"https:\/\/tandemgarden.com\/es\/wp-json\/wp\/v2\/media?parent=4187"}],"curies":[{"name":"wp","href":"https:\/\/api.w.org\/{rel}","templated":true}]}}