{"id":4142,"date":"2020-11-22T19:29:33","date_gmt":"2020-11-22T19:29:33","guid":{"rendered":"https:\/\/tandemgarden.com\/product\/boj-piramidal\/"},"modified":"2023-11-06T17:52:55","modified_gmt":"2023-11-06T16:52:55","slug":"boj-piramidal","status":"publish","type":"product","link":"https:\/\/tandemgarden.com\/es\/producto\/boj-piramidal\/","title":{"rendered":"Boj piramidal"},"content":{"rendered":"","protected":false},"excerpt":{"rendered":"<p id=\"tw-target-text\" class=\"tw-data-text tw-text-large XcVN5d tw-ta\" dir=\"ltr\" data-placeholder=\"Traducci\u00f3n\"><span lang=\"es\">El Boj, es un arbusto perenne y de crecimiento lento muy conocido en la zona mediterr\u00e1nea y europea por sus cualidades ornamentales, adem\u00e1s de tener una madera muy robusta utilizada en ebanister\u00eda. Es una planta muy resistente en todos los aspectos y muy f\u00e1cil de cuidar y podar. Este arbusto resiste muy bien la sequ\u00eda, el fr\u00edo y el viento y crecer\u00e1 muy bien en zonas frescas y exteriores.<\/span><\/p>\n","protected":false},"featured_media":4134,"template":"","meta":[],"_links":{"self":[{"href":"https:\/\/tandemgarden.com\/es\/wp-json\/wp\/v2\/product\/4142"}],"collection":[{"href":"https:\/\/tandemgarden.com\/es\/wp-json\/wp\/v2\/product"}],"about":[{"href":"https:\/\/tandemgarden.com\/es\/wp-json\/wp\/v2\/types\/product"}],"wp:featuredmedia":[{"embeddable":true,"href":"https:\/\/tandemgarden.com\/es\/wp-json\/wp\/v2\/media\/4134"}],"wp:attachment":[{"href":"https:\/\/tandemgarden.com\/es\/wp-json\/wp\/v2\/media?parent=4142"}],"curies":[{"name":"wp","href":"https:\/\/api.w.org\/{rel}","templated":true}]}}