{"id":4125,"date":"2020-11-22T19:20:30","date_gmt":"2020-11-22T19:20:30","guid":{"rendered":"https:\/\/tandemgarden.com\/product\/boj-de-bola\/"},"modified":"2020-11-22T19:25:43","modified_gmt":"2020-11-22T19:25:43","slug":"boj-de-bola","status":"publish","type":"product","link":"https:\/\/tandemgarden.com\/es\/producto\/boj-de-bola\/","title":{"rendered":"Boj de bola"},"content":{"rendered":"","protected":false},"excerpt":{"rendered":"<p>El Boj, es un arbusto perenne y de crecimiento lento muy conocido en la zona mediterr\u00e1nea y europea por sus cualidades ornamentales, adem\u00e1s de tener una madera muy robusta utilizada en ebanister\u00eda. Es una planta muy resistente en todos los aspectos y muy f\u00e1cil de cuidar y podar. Este arbusto resiste muy bien la sequ\u00eda, el fr\u00edo y el viento y crecer\u00e1 muy bien en zonas frescas y exteriores.<\/p>\n","protected":false},"featured_media":4114,"template":"","meta":[],"_links":{"self":[{"href":"https:\/\/tandemgarden.com\/es\/wp-json\/wp\/v2\/product\/4125"}],"collection":[{"href":"https:\/\/tandemgarden.com\/es\/wp-json\/wp\/v2\/product"}],"about":[{"href":"https:\/\/tandemgarden.com\/es\/wp-json\/wp\/v2\/types\/product"}],"wp:featuredmedia":[{"embeddable":true,"href":"https:\/\/tandemgarden.com\/es\/wp-json\/wp\/v2\/media\/4114"}],"wp:attachment":[{"href":"https:\/\/tandemgarden.com\/es\/wp-json\/wp\/v2\/media?parent=4125"}],"curies":[{"name":"wp","href":"https:\/\/api.w.org\/{rel}","templated":true}]}}