{"id":4097,"date":"2020-11-22T19:10:31","date_gmt":"2020-11-22T19:10:31","guid":{"rendered":"https:\/\/tandemgarden.com\/product\/plantas-del-aire\/"},"modified":"2020-11-22T19:10:31","modified_gmt":"2020-11-22T19:10:31","slug":"plantas-del-aire","status":"publish","type":"product","link":"https:\/\/tandemgarden.com\/es\/producto\/plantas-del-aire\/","title":{"rendered":"Plantas del aire"},"content":{"rendered":"","protected":false},"excerpt":{"rendered":"<p id=\"tw-target-text\" class=\"tw-data-text tw-text-large XcVN5d tw-ta\" dir=\"ltr\" data-placeholder=\"Traducci\u00f3n\"><span lang=\"es\">Las plantas del aire, tambi\u00e9n conocidas como Clavel del aire, son una de las plantas ep\u00edfetas por excelencia, es decir, no necesitan sustrato para sobrevivir. Es una planta muy actual, que destaca por exotismo y singular belleza. Tienen fama de ser exigentes, pero son muy f\u00e1ciles de cuidar y pueden ir en el interior o en el exterior. El \u00fanico enemigo que tienen es el fr\u00edo intenso. Es una planta ideal para incluirla en jardines verticales y tambi\u00e9n es habitual colocarla colgada en porches. Adem\u00e1s, florecen en primavera, aunque no es un hecho asegurado!<\/span><\/p>\n","protected":false},"featured_media":4090,"template":"","meta":[],"_links":{"self":[{"href":"https:\/\/tandemgarden.com\/es\/wp-json\/wp\/v2\/product\/4097"}],"collection":[{"href":"https:\/\/tandemgarden.com\/es\/wp-json\/wp\/v2\/product"}],"about":[{"href":"https:\/\/tandemgarden.com\/es\/wp-json\/wp\/v2\/types\/product"}],"wp:featuredmedia":[{"embeddable":true,"href":"https:\/\/tandemgarden.com\/es\/wp-json\/wp\/v2\/media\/4090"}],"wp:attachment":[{"href":"https:\/\/tandemgarden.com\/es\/wp-json\/wp\/v2\/media?parent=4097"}],"curies":[{"name":"wp","href":"https:\/\/api.w.org\/{rel}","templated":true}]}}