{"id":4085,"date":"2020-11-22T19:02:00","date_gmt":"2020-11-22T19:02:00","guid":{"rendered":"https:\/\/tandemgarden.com\/product\/geranio-rojo\/"},"modified":"2020-11-22T19:02:00","modified_gmt":"2020-11-22T19:02:00","slug":"geranio-rojo","status":"publish","type":"product","link":"https:\/\/tandemgarden.com\/es\/producto\/geranio-rojo\/","title":{"rendered":"Geranio rojo"},"content":{"rendered":"","protected":false},"excerpt":{"rendered":"<p id=\"tw-target-text\" class=\"tw-data-text tw-text-large XcVN5d tw-ta\" dir=\"ltr\" data-placeholder=\"Traducci\u00f3n\"><span lang=\"es\">Maceta de pl\u00e1stico de 13 cm de di\u00e1metro. <\/span><\/p>\n<p class=\"tw-data-text tw-text-large XcVN5d tw-ta\" dir=\"ltr\" data-placeholder=\"Traducci\u00f3n\"><span lang=\"es\">El Geranio es la planta perenne por excelencia de los balcones y jardines. Es una planta muy vers\u00e1til y decorativa, ya que se adaptan a cualquier lugar. Aguantan bien la sequ\u00eda, pero el riego debe ser moderado seg\u00fan el clima y se debe vigilar con las heladas. Antiguamente se utilizaban sus ra\u00edces para usos medicinales y actualmente, tambi\u00e9n se utilizan en la industria de la perfumer\u00eda para captar su esencia. <\/span><\/p>\n<p class=\"tw-data-text tw-text-large XcVN5d tw-ta\" dir=\"ltr\" data-placeholder=\"Traducci\u00f3n\"><span lang=\"es\">Maceta decorativa no incluida.<\/span><\/p>\n","protected":false},"featured_media":4080,"template":"","meta":[],"_links":{"self":[{"href":"https:\/\/tandemgarden.com\/es\/wp-json\/wp\/v2\/product\/4085"}],"collection":[{"href":"https:\/\/tandemgarden.com\/es\/wp-json\/wp\/v2\/product"}],"about":[{"href":"https:\/\/tandemgarden.com\/es\/wp-json\/wp\/v2\/types\/product"}],"wp:featuredmedia":[{"embeddable":true,"href":"https:\/\/tandemgarden.com\/es\/wp-json\/wp\/v2\/media\/4080"}],"wp:attachment":[{"href":"https:\/\/tandemgarden.com\/es\/wp-json\/wp\/v2\/media?parent=4085"}],"curies":[{"name":"wp","href":"https:\/\/api.w.org\/{rel}","templated":true}]}}