{"id":4031,"date":"2020-11-22T09:52:02","date_gmt":"2020-11-22T09:52:02","guid":{"rendered":"https:\/\/tandemgarden.com\/product\/grama-cynodon-dactylon\/"},"modified":"2020-11-22T09:52:02","modified_gmt":"2020-11-22T09:52:02","slug":"grama-cynodon-dactylon","status":"publish","type":"product","link":"https:\/\/tandemgarden.com\/es\/producto\/grama-cynodon-dactylon\/","title":{"rendered":"Grama Cynodon Dactylon"},"content":{"rendered":"","protected":false},"excerpt":{"rendered":"<p>200 gr para 25 m2<\/p>\n<p>Se trata de una especie que forma un c\u00e9sped de una calidad est\u00e9tica media pero de una alt\u00edsima resistencia al pisoteo, a la sequ\u00eda, al calor estival, a la salinidad, con bajas necesidades h\u00eddricas y con poco mantenimiento.<\/p>\n","protected":false},"featured_media":4030,"template":"","meta":[],"_links":{"self":[{"href":"https:\/\/tandemgarden.com\/es\/wp-json\/wp\/v2\/product\/4031"}],"collection":[{"href":"https:\/\/tandemgarden.com\/es\/wp-json\/wp\/v2\/product"}],"about":[{"href":"https:\/\/tandemgarden.com\/es\/wp-json\/wp\/v2\/types\/product"}],"wp:featuredmedia":[{"embeddable":true,"href":"https:\/\/tandemgarden.com\/es\/wp-json\/wp\/v2\/media\/4030"}],"wp:attachment":[{"href":"https:\/\/tandemgarden.com\/es\/wp-json\/wp\/v2\/media?parent=4031"}],"curies":[{"name":"wp","href":"https:\/\/api.w.org\/{rel}","templated":true}]}}