{"id":4027,"date":"2020-11-22T09:41:40","date_gmt":"2020-11-22T09:41:40","guid":{"rendered":"https:\/\/tandemgarden.com\/product\/trebol-repens-blanco-enano\/"},"modified":"2020-11-22T09:41:40","modified_gmt":"2020-11-22T09:41:40","slug":"trebol-repens-blanco-enano","status":"publish","type":"product","link":"https:\/\/tandemgarden.com\/es\/producto\/trebol-repens-blanco-enano\/","title":{"rendered":"Trebol repens blanco enano"},"content":{"rendered":"","protected":false},"excerpt":{"rendered":"<p>250 gr<\/p>\n<p id=\"tw-target-text\" class=\"tw-data-text tw-text-large XcVN5d tw-ta\" dir=\"ltr\" data-placeholder=\"Traducci\u00f3n\">Caracter\u00edsticas: Planta de crecimiento bajo. Excelente para praderas de siega o pastoreo. Se adapta a terrenos frescos y f\u00e9rtiles aunque sean poco profundos; en secano, en condiciones favorables de pluviometr\u00eda.<\/p>\n","protected":false},"featured_media":4026,"template":"","meta":[],"_links":{"self":[{"href":"https:\/\/tandemgarden.com\/es\/wp-json\/wp\/v2\/product\/4027"}],"collection":[{"href":"https:\/\/tandemgarden.com\/es\/wp-json\/wp\/v2\/product"}],"about":[{"href":"https:\/\/tandemgarden.com\/es\/wp-json\/wp\/v2\/types\/product"}],"wp:featuredmedia":[{"embeddable":true,"href":"https:\/\/tandemgarden.com\/es\/wp-json\/wp\/v2\/media\/4026"}],"wp:attachment":[{"href":"https:\/\/tandemgarden.com\/es\/wp-json\/wp\/v2\/media?parent=4027"}],"curies":[{"name":"wp","href":"https:\/\/api.w.org\/{rel}","templated":true}]}}