{"id":4017,"date":"2020-11-22T09:30:28","date_gmt":"2020-11-22T09:30:28","guid":{"rendered":"https:\/\/tandemgarden.com\/product\/cesped-zonas-sombrias\/"},"modified":"2020-11-22T09:30:28","modified_gmt":"2020-11-22T09:30:28","slug":"cesped-zonas-sombrias","status":"publish","type":"product","link":"https:\/\/tandemgarden.com\/es\/producto\/cesped-zonas-sombrias\/","title":{"rendered":"C\u00e9sped zonas sombr\u00edas"},"content":{"rendered":"","protected":false},"excerpt":{"rendered":"<p>El c\u00e9sped zonas sombr\u00edas es una mezcla ideal para cualquier zona sombreada, incluso debajo de los \u00e1rboles.<\/p>\n<p>Se trata de un c\u00e9sped de crecimiento e implantaci\u00f3n medios, que tolera bien el fr\u00edo, que presenta una buena calidad est\u00e9tica y tolera el pisoteo.<\/p>\n<p>En oto\u00f1o e invierno es aconsejable cortar el c\u00e9sped bajo para evitar la aparici\u00f3n de musgo y enfermedades debido al exceso de humedad. Pese a ser ideal para zonas sombr\u00edas puede sembrarse tambi\u00e9n a pleno sol.<\/p>\n","protected":false},"featured_media":3977,"template":"","meta":[],"_links":{"self":[{"href":"https:\/\/tandemgarden.com\/es\/wp-json\/wp\/v2\/product\/4017"}],"collection":[{"href":"https:\/\/tandemgarden.com\/es\/wp-json\/wp\/v2\/product"}],"about":[{"href":"https:\/\/tandemgarden.com\/es\/wp-json\/wp\/v2\/types\/product"}],"wp:featuredmedia":[{"embeddable":true,"href":"https:\/\/tandemgarden.com\/es\/wp-json\/wp\/v2\/media\/3977"}],"wp:attachment":[{"href":"https:\/\/tandemgarden.com\/es\/wp-json\/wp\/v2\/media?parent=4017"}],"curies":[{"name":"wp","href":"https:\/\/api.w.org\/{rel}","templated":true}]}}